{"id":317,"date":"2025-09-20T22:58:59","date_gmt":"2025-09-20T20:58:59","guid":{"rendered":"https:\/\/masesa-mandela-association.com\/www\/?page_id=317"},"modified":"2025-09-29T12:23:26","modified_gmt":"2025-09-29T10:23:26","slug":"academie-m-a-s-e-s-a","status":"publish","type":"page","link":"https:\/\/masesa-mandela-association.com\/www\/academie-m-a-s-e-s-a\/","title":{"rendered":"Acad\u00e9mie M.A.S.E.S.A"},"content":{"rendered":"\n<p>\u2728 Depuis sa cr\u00e9ation, l\u2019Association <strong>M.A.S.E.S.A<\/strong> s\u2019est impos\u00e9e comme un acteur incontournable du sport en Afrique gr\u00e2ce \u00e0 ses partenariats avec de nombreuses f\u00e9d\u00e9rations sportives.<br>Au S\u00e9n\u00e9gal, l\u2019aventure a pris un nouvel \u00e9lan en <strong>2019<\/strong> avec la naissance de l\u2019acad\u00e9mie <strong>M.A.S.E.S.A S\u00e9n\u00e9gal<\/strong>, appel\u00e9 pr\u00e9c\u00e9demment <strong>Centre Omnisports Papis Demba Ciss\u00e9<\/strong> et dirig\u00e9e par <strong>Mariama Dieng<\/strong>, professeur d&rsquo;EPS.<\/p>\n\n\n\n<p>\ud83d\udd25 Aujourd\u2019hui, l\u2019acad\u00e9mie fait vibrer des centaines de jeunes \u00e0 travers ses sections sportives, toutes pens\u00e9es pour r\u00e9v\u00e9ler les talents et transmettre des valeurs fortes :<\/p>\n\n\n\n<ul class=\"wp-block-list\">\n<li>\u26bd <strong>Football<\/strong> : passion, technique et esprit d\u2019\u00e9quipe au c\u0153ur du jeu.<\/li>\n\n\n\n<li>\ud83e\udd3e <strong>Handball<\/strong> : vitesse, coordination et solidarit\u00e9 sur le terrain.<\/li>\n\n\n\n<li>\ud83e\udd4b <strong>Taekwondo<\/strong> : discipline, respect et d\u00e9passement de soi.<\/li>\n\n\n\n<li>\ud83c\udfc9 <strong>Rugby<\/strong> : engagement, courage et fraternit\u00e9.<\/li>\n\n\n\n<li>\ud83c\udfc3 <strong>Athl\u00e9tisme<\/strong> : vitesse, endurance et force, piliers de toutes les performances.<\/li>\n<\/ul>\n\n\n\n<p>Avec des entra\u00eeneurs passionn\u00e9s, <strong>M.A.S.E.S.A S\u00e9n\u00e9gal<\/strong> est bien plus qu\u2019une acad\u00e9mie : c\u2019est un v\u00e9ritable lieu d\u2019\u00e9panouissement o\u00f9 chaque jeune peut r\u00eaver, progresser et atteindre ses objectifs. \ud83c\udf0d\ud83d\udcaa<\/p>\n\n\n\n<figure class=\"wp-block-gallery has-nested-images columns-default is-cropped wp-block-gallery-1 is-layout-flex wp-block-gallery-is-layout-flex\">\n<figure class=\"wp-block-image size-large\"><img loading=\"lazy\" decoding=\"async\" width=\"562\" height=\"562\" data-id=\"381\" src=\"https:\/\/masesa-mandela-association.com\/wp-content\/uploads\/2025\/09\/482237095_9582822978442567_6133010161623256727_n.jpg\" alt=\"\" class=\"wp-image-381\" srcset=\"https:\/\/masesa-mandela-association.com\/wp-content\/uploads\/2025\/09\/482237095_9582822978442567_6133010161623256727_n.jpg 562w, https:\/\/masesa-mandela-association.com\/wp-content\/uploads\/2025\/09\/482237095_9582822978442567_6133010161623256727_n-300x300.jpg 300w, https:\/\/masesa-mandela-association.com\/wp-content\/uploads\/2025\/09\/482237095_9582822978442567_6133010161623256727_n-150x150.jpg 150w, https:\/\/masesa-mandela-association.com\/wp-content\/uploads\/2025\/09\/482237095_9582822978442567_6133010161623256727_n-100x100.jpg 100w\" sizes=\"auto, (max-width: 562px) 100vw, 562px\" \/><\/figure>\n\n\n\n<figure class=\"wp-block-image size-large\"><img loading=\"lazy\" decoding=\"async\" width=\"1022\" height=\"770\" data-id=\"260\" src=\"https:\/\/masesa-mandela-association.com\/wp-content\/uploads\/2025\/09\/IMG_20240308_181718_199.webp\" alt=\"\" class=\"wp-image-260\" srcset=\"https:\/\/masesa-mandela-association.com\/wp-content\/uploads\/2025\/09\/IMG_20240308_181718_199.webp 1022w, https:\/\/masesa-mandela-association.com\/wp-content\/uploads\/2025\/09\/IMG_20240308_181718_199-300x226.webp 300w, https:\/\/masesa-mandela-association.com\/wp-content\/uploads\/2025\/09\/IMG_20240308_181718_199-768x579.webp 768w\" sizes=\"auto, (max-width: 1022px) 100vw, 1022px\" \/><\/figure>\n\n\n\n<figure class=\"wp-block-image size-large\"><img loading=\"lazy\" decoding=\"async\" width=\"780\" height=\"780\" data-id=\"258\" src=\"https:\/\/masesa-mandela-association.com\/wp-content\/uploads\/2025\/09\/IMG_20230909_123147_434.webp\" alt=\"\" class=\"wp-image-258\" srcset=\"https:\/\/masesa-mandela-association.com\/wp-content\/uploads\/2025\/09\/IMG_20230909_123147_434.webp 780w, https:\/\/masesa-mandela-association.com\/wp-content\/uploads\/2025\/09\/IMG_20230909_123147_434-300x300.webp 300w, https:\/\/masesa-mandela-association.com\/wp-content\/uploads\/2025\/09\/IMG_20230909_123147_434-150x150.webp 150w, https:\/\/masesa-mandela-association.com\/wp-content\/uploads\/2025\/09\/IMG_20230909_123147_434-768x768.webp 768w, https:\/\/masesa-mandela-association.com\/wp-content\/uploads\/2025\/09\/IMG_20230909_123147_434-100x100.webp 100w\" sizes=\"auto, (max-width: 780px) 100vw, 780px\" \/><\/figure>\n\n\n\n<figure class=\"wp-block-image size-large\"><img loading=\"lazy\" decoding=\"async\" width=\"1024\" height=\"1024\" data-id=\"234\" src=\"https:\/\/masesa-mandela-association.com\/wp-content\/uploads\/2025\/09\/428621589_815501287288693_3381343378350002138_n-1024x1024.jpg\" alt=\"\" class=\"wp-image-234\" srcset=\"https:\/\/masesa-mandela-association.com\/wp-content\/uploads\/2025\/09\/428621589_815501287288693_3381343378350002138_n-1024x1024.jpg 1024w, https:\/\/masesa-mandela-association.com\/wp-content\/uploads\/2025\/09\/428621589_815501287288693_3381343378350002138_n-300x300.jpg 300w, https:\/\/masesa-mandela-association.com\/wp-content\/uploads\/2025\/09\/428621589_815501287288693_3381343378350002138_n-150x150.jpg 150w, https:\/\/masesa-mandela-association.com\/wp-content\/uploads\/2025\/09\/428621589_815501287288693_3381343378350002138_n-768x768.jpg 768w, https:\/\/masesa-mandela-association.com\/wp-content\/uploads\/2025\/09\/428621589_815501287288693_3381343378350002138_n-100x100.jpg 100w, https:\/\/masesa-mandela-association.com\/wp-content\/uploads\/2025\/09\/428621589_815501287288693_3381343378350002138_n.jpg 1080w\" sizes=\"auto, (max-width: 1024px) 100vw, 1024px\" \/><\/figure>\n\n\n\n<figure class=\"wp-block-image size-large\"><img loading=\"lazy\" decoding=\"async\" width=\"1024\" height=\"1024\" data-id=\"233\" src=\"https:\/\/masesa-mandela-association.com\/wp-content\/uploads\/2025\/09\/428618104_815501273955361_8099786588847442587_n-1024x1024.jpg\" alt=\"\" class=\"wp-image-233\" srcset=\"https:\/\/masesa-mandela-association.com\/wp-content\/uploads\/2025\/09\/428618104_815501273955361_8099786588847442587_n-1024x1024.jpg 1024w, https:\/\/masesa-mandela-association.com\/wp-content\/uploads\/2025\/09\/428618104_815501273955361_8099786588847442587_n-300x300.jpg 300w, https:\/\/masesa-mandela-association.com\/wp-content\/uploads\/2025\/09\/428618104_815501273955361_8099786588847442587_n-150x150.jpg 150w, https:\/\/masesa-mandela-association.com\/wp-content\/uploads\/2025\/09\/428618104_815501273955361_8099786588847442587_n-768x768.jpg 768w, https:\/\/masesa-mandela-association.com\/wp-content\/uploads\/2025\/09\/428618104_815501273955361_8099786588847442587_n-100x100.jpg 100w, https:\/\/masesa-mandela-association.com\/wp-content\/uploads\/2025\/09\/428618104_815501273955361_8099786588847442587_n.jpg 1080w\" sizes=\"auto, (max-width: 1024px) 100vw, 1024px\" \/><\/figure>\n\n\n\n<figure class=\"wp-block-image size-large\"><img loading=\"lazy\" decoding=\"async\" width=\"810\" height=\"810\" data-id=\"208\" src=\"https:\/\/masesa-mandela-association.com\/wp-content\/uploads\/2025\/09\/335847631_1542184736265910_3635972263954547723_n.jpg\" alt=\"\" class=\"wp-image-208\" srcset=\"https:\/\/masesa-mandela-association.com\/wp-content\/uploads\/2025\/09\/335847631_1542184736265910_3635972263954547723_n.jpg 810w, https:\/\/masesa-mandela-association.com\/wp-content\/uploads\/2025\/09\/335847631_1542184736265910_3635972263954547723_n-300x300.jpg 300w, https:\/\/masesa-mandela-association.com\/wp-content\/uploads\/2025\/09\/335847631_1542184736265910_3635972263954547723_n-150x150.jpg 150w, https:\/\/masesa-mandela-association.com\/wp-content\/uploads\/2025\/09\/335847631_1542184736265910_3635972263954547723_n-768x768.jpg 768w, https:\/\/masesa-mandela-association.com\/wp-content\/uploads\/2025\/09\/335847631_1542184736265910_3635972263954547723_n-100x100.jpg 100w\" sizes=\"auto, (max-width: 810px) 100vw, 810px\" \/><\/figure>\n\n\n\n<figure class=\"wp-block-image size-large\"><img loading=\"lazy\" decoding=\"async\" width=\"1024\" height=\"684\" data-id=\"192\" src=\"https:\/\/masesa-mandela-association.com\/wp-content\/uploads\/2025\/09\/151517010_3900146083376980_4206372475759903626_n-1024x684.jpg\" alt=\"\" class=\"wp-image-192\" srcset=\"https:\/\/masesa-mandela-association.com\/wp-content\/uploads\/2025\/09\/151517010_3900146083376980_4206372475759903626_n-1024x684.jpg 1024w, https:\/\/masesa-mandela-association.com\/wp-content\/uploads\/2025\/09\/151517010_3900146083376980_4206372475759903626_n-300x200.jpg 300w, https:\/\/masesa-mandela-association.com\/wp-content\/uploads\/2025\/09\/151517010_3900146083376980_4206372475759903626_n-768x513.jpg 768w, https:\/\/masesa-mandela-association.com\/wp-content\/uploads\/2025\/09\/151517010_3900146083376980_4206372475759903626_n.jpg 1080w\" sizes=\"auto, (max-width: 1024px) 100vw, 1024px\" \/><\/figure>\n\n\n\n<figure class=\"wp-block-image size-large\"><img loading=\"lazy\" decoding=\"async\" width=\"960\" height=\"720\" data-id=\"247\" src=\"https:\/\/masesa-mandela-association.com\/wp-content\/uploads\/2025\/09\/FB_IMG_1609079478850.jpg\" alt=\"\" class=\"wp-image-247\" srcset=\"https:\/\/masesa-mandela-association.com\/wp-content\/uploads\/2025\/09\/FB_IMG_1609079478850.jpg 960w, https:\/\/masesa-mandela-association.com\/wp-content\/uploads\/2025\/09\/FB_IMG_1609079478850-300x225.jpg 300w, https:\/\/masesa-mandela-association.com\/wp-content\/uploads\/2025\/09\/FB_IMG_1609079478850-768x576.jpg 768w\" sizes=\"auto, (max-width: 960px) 100vw, 960px\" \/><\/figure>\n\n\n\n<figure class=\"wp-block-image size-large\"><img loading=\"lazy\" decoding=\"async\" width=\"1024\" height=\"768\" data-id=\"158\" src=\"https:\/\/masesa-mandela-association.com\/wp-content\/uploads\/2025\/09\/20231025_203414-1024x768.jpg\" alt=\"\" class=\"wp-image-158\" srcset=\"https:\/\/masesa-mandela-association.com\/wp-content\/uploads\/2025\/09\/20231025_203414-1024x768.jpg 1024w, https:\/\/masesa-mandela-association.com\/wp-content\/uploads\/2025\/09\/20231025_203414-300x225.jpg 300w, https:\/\/masesa-mandela-association.com\/wp-content\/uploads\/2025\/09\/20231025_203414-768x576.jpg 768w, https:\/\/masesa-mandela-association.com\/wp-content\/uploads\/2025\/09\/20231025_203414-1536x1152.jpg 1536w, https:\/\/masesa-mandela-association.com\/wp-content\/uploads\/2025\/09\/20231025_203414-2048x1536.jpg 2048w\" sizes=\"auto, (max-width: 1024px) 100vw, 1024px\" \/><\/figure>\n\n\n\n<figure class=\"wp-block-image size-large\"><img loading=\"lazy\" decoding=\"async\" width=\"1024\" height=\"809\" data-id=\"159\" src=\"https:\/\/masesa-mandela-association.com\/wp-content\/uploads\/2025\/09\/20231025_203811-1024x809.jpg\" alt=\"\" class=\"wp-image-159\" srcset=\"https:\/\/masesa-mandela-association.com\/wp-content\/uploads\/2025\/09\/20231025_203811-1024x809.jpg 1024w, https:\/\/masesa-mandela-association.com\/wp-content\/uploads\/2025\/09\/20231025_203811-300x237.jpg 300w, https:\/\/masesa-mandela-association.com\/wp-content\/uploads\/2025\/09\/20231025_203811-768x607.jpg 768w, https:\/\/masesa-mandela-association.com\/wp-content\/uploads\/2025\/09\/20231025_203811-1536x1214.jpg 1536w, https:\/\/masesa-mandela-association.com\/wp-content\/uploads\/2025\/09\/20231025_203811-2048x1618.jpg 2048w\" sizes=\"auto, (max-width: 1024px) 100vw, 1024px\" \/><\/figure>\n\n\n\n<figure class=\"wp-block-image size-large\"><img loading=\"lazy\" decoding=\"async\" width=\"1024\" height=\"768\" data-id=\"157\" src=\"https:\/\/masesa-mandela-association.com\/wp-content\/uploads\/2025\/09\/20231025_203001-1024x768.jpg\" alt=\"\" class=\"wp-image-157\" srcset=\"https:\/\/masesa-mandela-association.com\/wp-content\/uploads\/2025\/09\/20231025_203001-1024x768.jpg 1024w, https:\/\/masesa-mandela-association.com\/wp-content\/uploads\/2025\/09\/20231025_203001-300x225.jpg 300w, https:\/\/masesa-mandela-association.com\/wp-content\/uploads\/2025\/09\/20231025_203001-768x576.jpg 768w, https:\/\/masesa-mandela-association.com\/wp-content\/uploads\/2025\/09\/20231025_203001-1536x1152.jpg 1536w, https:\/\/masesa-mandela-association.com\/wp-content\/uploads\/2025\/09\/20231025_203001-2048x1536.jpg 2048w\" sizes=\"auto, (max-width: 1024px) 100vw, 1024px\" \/><\/figure>\n\n\n\n<figure class=\"wp-block-image size-large\"><img loading=\"lazy\" decoding=\"async\" width=\"1024\" height=\"768\" data-id=\"156\" src=\"https:\/\/masesa-mandela-association.com\/wp-content\/uploads\/2025\/09\/20231025_202940-1024x768.jpg\" alt=\"\" class=\"wp-image-156\" srcset=\"https:\/\/masesa-mandela-association.com\/wp-content\/uploads\/2025\/09\/20231025_202940-1024x768.jpg 1024w, https:\/\/masesa-mandela-association.com\/wp-content\/uploads\/2025\/09\/20231025_202940-300x225.jpg 300w, https:\/\/masesa-mandela-association.com\/wp-content\/uploads\/2025\/09\/20231025_202940-768x576.jpg 768w, https:\/\/masesa-mandela-association.com\/wp-content\/uploads\/2025\/09\/20231025_202940-1536x1152.jpg 1536w, https:\/\/masesa-mandela-association.com\/wp-content\/uploads\/2025\/09\/20231025_202940-2048x1536.jpg 2048w\" sizes=\"auto, (max-width: 1024px) 100vw, 1024px\" \/><\/figure>\n\n\n\n<figure class=\"wp-block-image size-large\"><img loading=\"lazy\" decoding=\"async\" width=\"720\" height=\"586\" data-id=\"105\" src=\"https:\/\/masesa-mandela-association.com\/wp-content\/uploads\/2025\/09\/Section-Football-MASESA-Academie.-3-pg.jpg\" alt=\"\" class=\"wp-image-105\" srcset=\"https:\/\/masesa-mandela-association.com\/wp-content\/uploads\/2025\/09\/Section-Football-MASESA-Academie.-3-pg.jpg 720w, https:\/\/masesa-mandela-association.com\/wp-content\/uploads\/2025\/09\/Section-Football-MASESA-Academie.-3-pg-300x244.jpg 300w\" sizes=\"auto, (max-width: 720px) 100vw, 720px\" \/><\/figure>\n\n\n\n<figure class=\"wp-block-image size-large\"><img loading=\"lazy\" decoding=\"async\" width=\"720\" height=\"586\" data-id=\"106\" src=\"https:\/\/masesa-mandela-association.com\/wp-content\/uploads\/2025\/09\/Section-Football-MASESA-Academie.jpg\" alt=\"\" class=\"wp-image-106\" srcset=\"https:\/\/masesa-mandela-association.com\/wp-content\/uploads\/2025\/09\/Section-Football-MASESA-Academie.jpg 720w, https:\/\/masesa-mandela-association.com\/wp-content\/uploads\/2025\/09\/Section-Football-MASESA-Academie-300x244.jpg 300w\" sizes=\"auto, (max-width: 720px) 100vw, 720px\" \/><\/figure>\n\n\n\n<figure class=\"wp-block-image size-large\"><img loading=\"lazy\" decoding=\"async\" width=\"720\" height=\"586\" data-id=\"104\" src=\"https:\/\/masesa-mandela-association.com\/wp-content\/uploads\/2025\/09\/Section-Football-MASESA-Academie.-2jpg.jpg\" alt=\"\" class=\"wp-image-104\" srcset=\"https:\/\/masesa-mandela-association.com\/wp-content\/uploads\/2025\/09\/Section-Football-MASESA-Academie.-2jpg.jpg 720w, https:\/\/masesa-mandela-association.com\/wp-content\/uploads\/2025\/09\/Section-Football-MASESA-Academie.-2jpg-300x244.jpg 300w\" sizes=\"auto, (max-width: 720px) 100vw, 720px\" \/><\/figure>\n\n\n\n<figure class=\"wp-block-image size-large\"><img loading=\"lazy\" decoding=\"async\" width=\"768\" height=\"1024\" data-id=\"103\" src=\"https:\/\/masesa-mandela-association.com\/wp-content\/uploads\/2025\/09\/Section-Feminine-Handball-MASESA-ACADEMIE.jpg-1-768x1024.jpg\" alt=\"\" class=\"wp-image-103\" srcset=\"https:\/\/masesa-mandela-association.com\/wp-content\/uploads\/2025\/09\/Section-Feminine-Handball-MASESA-ACADEMIE.jpg-1-768x1024.jpg 768w, https:\/\/masesa-mandela-association.com\/wp-content\/uploads\/2025\/09\/Section-Feminine-Handball-MASESA-ACADEMIE.jpg-1-225x300.jpg 225w, https:\/\/masesa-mandela-association.com\/wp-content\/uploads\/2025\/09\/Section-Feminine-Handball-MASESA-ACADEMIE.jpg-1.jpg 960w\" sizes=\"auto, (max-width: 768px) 100vw, 768px\" \/><\/figure>\n\n\n\n<figure class=\"wp-block-image size-large\"><img loading=\"lazy\" decoding=\"async\" width=\"770\" height=\"1024\" data-id=\"102\" src=\"https:\/\/masesa-mandela-association.com\/wp-content\/uploads\/2025\/09\/Section-Feminine-Handball-MASESA-ACADEMIE-770x1024.jpg\" alt=\"\" class=\"wp-image-102\" srcset=\"https:\/\/masesa-mandela-association.com\/wp-content\/uploads\/2025\/09\/Section-Feminine-Handball-MASESA-ACADEMIE-770x1024.jpg 770w, https:\/\/masesa-mandela-association.com\/wp-content\/uploads\/2025\/09\/Section-Feminine-Handball-MASESA-ACADEMIE-226x300.jpg 226w, https:\/\/masesa-mandela-association.com\/wp-content\/uploads\/2025\/09\/Section-Feminine-Handball-MASESA-ACADEMIE-768x1021.jpg 768w, https:\/\/masesa-mandela-association.com\/wp-content\/uploads\/2025\/09\/Section-Feminine-Handball-MASESA-ACADEMIE.jpg 963w\" sizes=\"auto, (max-width: 770px) 100vw, 770px\" \/><\/figure>\n<\/figure>\n\n\n\n<figure class=\"wp-block-gallery has-nested-images columns-default is-cropped wp-block-gallery-2 is-layout-flex wp-block-gallery-is-layout-flex\">\n<figure class=\"wp-block-image size-large\"><img loading=\"lazy\" decoding=\"async\" width=\"1024\" height=\"768\" data-id=\"470\" src=\"https:\/\/masesa-mandela-association.com\/wp-content\/uploads\/2025\/09\/7bd27cb0-3847-49b5-a7ea-d630f74ac172-1024x768.jpg\" alt=\"\" class=\"wp-image-470\" srcset=\"https:\/\/masesa-mandela-association.com\/wp-content\/uploads\/2025\/09\/7bd27cb0-3847-49b5-a7ea-d630f74ac172-1024x768.jpg 1024w, https:\/\/masesa-mandela-association.com\/wp-content\/uploads\/2025\/09\/7bd27cb0-3847-49b5-a7ea-d630f74ac172-300x225.jpg 300w, https:\/\/masesa-mandela-association.com\/wp-content\/uploads\/2025\/09\/7bd27cb0-3847-49b5-a7ea-d630f74ac172-768x576.jpg 768w, https:\/\/masesa-mandela-association.com\/wp-content\/uploads\/2025\/09\/7bd27cb0-3847-49b5-a7ea-d630f74ac172.jpg 1080w\" sizes=\"auto, (max-width: 1024px) 100vw, 1024px\" \/><\/figure>\n\n\n\n<figure class=\"wp-block-image size-large\"><img loading=\"lazy\" decoding=\"async\" width=\"1024\" height=\"678\" data-id=\"471\" src=\"https:\/\/masesa-mandela-association.com\/wp-content\/uploads\/2025\/09\/5e3bb01c-7a5d-4cad-9a54-082be0a6df02-1024x678.jpg\" alt=\"\" class=\"wp-image-471\" srcset=\"https:\/\/masesa-mandela-association.com\/wp-content\/uploads\/2025\/09\/5e3bb01c-7a5d-4cad-9a54-082be0a6df02-1024x678.jpg 1024w, https:\/\/masesa-mandela-association.com\/wp-content\/uploads\/2025\/09\/5e3bb01c-7a5d-4cad-9a54-082be0a6df02-300x199.jpg 300w, https:\/\/masesa-mandela-association.com\/wp-content\/uploads\/2025\/09\/5e3bb01c-7a5d-4cad-9a54-082be0a6df02-768x508.jpg 768w, https:\/\/masesa-mandela-association.com\/wp-content\/uploads\/2025\/09\/5e3bb01c-7a5d-4cad-9a54-082be0a6df02.jpg 1080w\" sizes=\"auto, (max-width: 1024px) 100vw, 1024px\" \/><\/figure>\n\n\n\n<figure class=\"wp-block-image size-large\"><img loading=\"lazy\" decoding=\"async\" width=\"1024\" height=\"768\" data-id=\"472\" src=\"https:\/\/masesa-mandela-association.com\/wp-content\/uploads\/2025\/09\/3f857c06-645d-4780-81b9-e28b8b1034fa-1024x768.jpg\" alt=\"\" class=\"wp-image-472\" srcset=\"https:\/\/masesa-mandela-association.com\/wp-content\/uploads\/2025\/09\/3f857c06-645d-4780-81b9-e28b8b1034fa-1024x768.jpg 1024w, https:\/\/masesa-mandela-association.com\/wp-content\/uploads\/2025\/09\/3f857c06-645d-4780-81b9-e28b8b1034fa-300x225.jpg 300w, https:\/\/masesa-mandela-association.com\/wp-content\/uploads\/2025\/09\/3f857c06-645d-4780-81b9-e28b8b1034fa-768x576.jpg 768w, https:\/\/masesa-mandela-association.com\/wp-content\/uploads\/2025\/09\/3f857c06-645d-4780-81b9-e28b8b1034fa.jpg 1280w\" sizes=\"auto, (max-width: 1024px) 100vw, 1024px\" \/><\/figure>\n\n\n\n<figure class=\"wp-block-image size-large\"><img loading=\"lazy\" decoding=\"async\" width=\"1024\" height=\"787\" data-id=\"473\" src=\"https:\/\/masesa-mandela-association.com\/wp-content\/uploads\/2025\/09\/3cc8df20-e161-4fec-9907-6ba563d54c0d-1024x787.jpg\" alt=\"\" class=\"wp-image-473\" srcset=\"https:\/\/masesa-mandela-association.com\/wp-content\/uploads\/2025\/09\/3cc8df20-e161-4fec-9907-6ba563d54c0d-1024x787.jpg 1024w, https:\/\/masesa-mandela-association.com\/wp-content\/uploads\/2025\/09\/3cc8df20-e161-4fec-9907-6ba563d54c0d-300x231.jpg 300w, https:\/\/masesa-mandela-association.com\/wp-content\/uploads\/2025\/09\/3cc8df20-e161-4fec-9907-6ba563d54c0d-768x590.jpg 768w, https:\/\/masesa-mandela-association.com\/wp-content\/uploads\/2025\/09\/3cc8df20-e161-4fec-9907-6ba563d54c0d.jpg 1280w\" sizes=\"auto, (max-width: 1024px) 100vw, 1024px\" \/><\/figure>\n\n\n\n<figure class=\"wp-block-image size-large\"><img loading=\"lazy\" decoding=\"async\" width=\"1024\" height=\"768\" data-id=\"474\" src=\"https:\/\/masesa-mandela-association.com\/wp-content\/uploads\/2025\/09\/d691debb-063e-41fa-98a7-5c7c05e27da7-1024x768.jpg\" alt=\"\" class=\"wp-image-474\" srcset=\"https:\/\/masesa-mandela-association.com\/wp-content\/uploads\/2025\/09\/d691debb-063e-41fa-98a7-5c7c05e27da7-1024x768.jpg 1024w, https:\/\/masesa-mandela-association.com\/wp-content\/uploads\/2025\/09\/d691debb-063e-41fa-98a7-5c7c05e27da7-300x225.jpg 300w, https:\/\/masesa-mandela-association.com\/wp-content\/uploads\/2025\/09\/d691debb-063e-41fa-98a7-5c7c05e27da7-768x576.jpg 768w, https:\/\/masesa-mandela-association.com\/wp-content\/uploads\/2025\/09\/d691debb-063e-41fa-98a7-5c7c05e27da7.jpg 1080w\" sizes=\"auto, (max-width: 1024px) 100vw, 1024px\" \/><\/figure>\n\n\n\n<figure class=\"wp-block-image size-large\"><img loading=\"lazy\" decoding=\"async\" width=\"1024\" height=\"768\" data-id=\"475\" src=\"https:\/\/masesa-mandela-association.com\/wp-content\/uploads\/2025\/09\/28f69ad3-5b9b-4e55-9ec0-ad6552ae5912-1024x768.jpg\" alt=\"\" class=\"wp-image-475\" srcset=\"https:\/\/masesa-mandela-association.com\/wp-content\/uploads\/2025\/09\/28f69ad3-5b9b-4e55-9ec0-ad6552ae5912-1024x768.jpg 1024w, https:\/\/masesa-mandela-association.com\/wp-content\/uploads\/2025\/09\/28f69ad3-5b9b-4e55-9ec0-ad6552ae5912-300x225.jpg 300w, https:\/\/masesa-mandela-association.com\/wp-content\/uploads\/2025\/09\/28f69ad3-5b9b-4e55-9ec0-ad6552ae5912-768x576.jpg 768w, https:\/\/masesa-mandela-association.com\/wp-content\/uploads\/2025\/09\/28f69ad3-5b9b-4e55-9ec0-ad6552ae5912.jpg 1080w\" sizes=\"auto, (max-width: 1024px) 100vw, 1024px\" \/><\/figure>\n\n\n\n<figure class=\"wp-block-image size-large\"><img loading=\"lazy\" decoding=\"async\" width=\"768\" height=\"1024\" data-id=\"477\" src=\"https:\/\/masesa-mandela-association.com\/wp-content\/uploads\/2025\/09\/00f34a2b-46a4-46b1-b964-2627d0e0dca7-768x1024.jpg\" alt=\"\" class=\"wp-image-477\" srcset=\"https:\/\/masesa-mandela-association.com\/wp-content\/uploads\/2025\/09\/00f34a2b-46a4-46b1-b964-2627d0e0dca7-768x1024.jpg 768w, https:\/\/masesa-mandela-association.com\/wp-content\/uploads\/2025\/09\/00f34a2b-46a4-46b1-b964-2627d0e0dca7-225x300.jpg 225w, https:\/\/masesa-mandela-association.com\/wp-content\/uploads\/2025\/09\/00f34a2b-46a4-46b1-b964-2627d0e0dca7.jpg 810w\" sizes=\"auto, (max-width: 768px) 100vw, 768px\" \/><\/figure>\n<\/figure>\n","protected":false},"excerpt":{"rendered":"<p>\u2728 Depuis sa cr\u00e9ation, l\u2019Association M.A.S.E.S.A s\u2019est impos\u00e9e comme un acteur incontournable du sport en Afrique gr\u00e2ce \u00e0 ses partenariats avec de nombreuses f\u00e9d\u00e9rations sportives.Au S\u00e9n\u00e9gal, l\u2019aventure a pris un nouvel \u00e9lan en 2019 avec la naissance de l\u2019acad\u00e9mie M.A.S.E.S.A<\/p>\n","protected":false},"author":1,"featured_media":0,"parent":0,"menu_order":0,"comment_status":"closed","ping_status":"closed","template":"","meta":{"footnotes":""},"class_list":["post-317","page","type-page","status-publish","hentry"],"_links":{"self":[{"href":"https:\/\/masesa-mandela-association.com\/www\/wp-json\/wp\/v2\/pages\/317","targetHints":{"allow":["GET"]}}],"collection":[{"href":"https:\/\/masesa-mandela-association.com\/www\/wp-json\/wp\/v2\/pages"}],"about":[{"href":"https:\/\/masesa-mandela-association.com\/www\/wp-json\/wp\/v2\/types\/page"}],"author":[{"embeddable":true,"href":"https:\/\/masesa-mandela-association.com\/www\/wp-json\/wp\/v2\/users\/1"}],"replies":[{"embeddable":true,"href":"https:\/\/masesa-mandela-association.com\/www\/wp-json\/wp\/v2\/comments?post=317"}],"version-history":[{"count":4,"href":"https:\/\/masesa-mandela-association.com\/www\/wp-json\/wp\/v2\/pages\/317\/revisions"}],"predecessor-version":[{"id":478,"href":"https:\/\/masesa-mandela-association.com\/www\/wp-json\/wp\/v2\/pages\/317\/revisions\/478"}],"wp:attachment":[{"href":"https:\/\/masesa-mandela-association.com\/www\/wp-json\/wp\/v2\/media?parent=317"}],"curies":[{"name":"wp","href":"https:\/\/api.w.org\/{rel}","templated":true}]}}