{"id":348,"date":"2025-09-21T15:33:09","date_gmt":"2025-09-21T13:33:09","guid":{"rendered":"https:\/\/masesa-mandela-association.com\/www\/?page_id=348"},"modified":"2025-09-21T15:33:09","modified_gmt":"2025-09-21T13:33:09","slug":"nos-missions","status":"publish","type":"page","link":"https:\/\/masesa-mandela-association.com\/www\/nos-missions\/","title":{"rendered":"Nos missions"},"content":{"rendered":"\n<p class=\"has-text-align-center has-black-color has-electric-grass-gradient-background has-text-color has-background has-link-color wp-elements-10f883b5b06e12d3b89f2ad1092b7b4c\"><strong>L\u2019association M.A.S.E.S.A Mandela Association Sport Education Sant\u00e9 AFRICA a pour mission de promouvoir le sport et ses valeurs, de favoriser l\u2019acc\u00e8s \u00e0 l\u2019\u00e9ducation, de soutenir l\u2019insertion sociale et l\u2019\u00e9ducation par le sport, d\u2019aider des jeunes d\u00e9favoris\u00e9s, de d\u00e9velopper les actions de pr\u00e9vention et de sensibilisation autour de la sant\u00e9 et de faciliter les \u00e9changes entre l\u2019Afrique et la France (\u00e9coles, associations, entreprises, particuliers\u2026).<\/strong><\/p>\n\n\n\n<div class=\"wp-block-media-text has-media-on-the-right is-stacked-on-mobile is-vertically-aligned-center has-background\" style=\"background-color:#8dd2fcb0;grid-template-columns:auto 41%\"><div class=\"wp-block-media-text__content\">\n<p style=\"font-size:24px;font-style:normal;font-weight:700;text-decoration:underline\"><strong>MISSION HUMANITAIRE :<\/strong><\/p>\n\n\n\n<p>M.A.S.E.S.A a pour objectif <strong>d\u2019organiser des \u00e9v\u00e8nements sportifs<\/strong>, de mettre en place des <strong>formations <\/strong>(enseignants, \u00e9ducateurs, dirigeants, sportifs\u2026), d\u2019<strong>organiser des stages sportifs<\/strong>, des <strong>rencontres sportives<\/strong>, par <strong>l\u2019enseignement<\/strong>, <strong>l\u2019encadrement sportif<\/strong>, par <strong>l\u2019apport de ressources mat\u00e9riels et \u00e9quipements sportifs<\/strong>.<\/p>\n\n\n\n<p>L\u2019association s\u2019occupe d\u2019<strong>acheminer des fournitures scolaires <\/strong>aupr\u00e8s d\u2019\u00e9tablissements scolaires ou d\u2019associations locales.<\/p>\n\n\n\n<p>Elle permet \u00e9galement de <strong>parrainer la scolarit\u00e9 d\u2019enfants <\/strong>pour favoriser l&rsquo;acc\u00e8s \u00e0 l&rsquo;\u00e9ducation.<\/p>\n\n\n\n<p>M.A.S.E.S.A <strong>s\u2019investit aupr\u00e8s des jeunes en situation handicap <\/strong>afin d\u2019am\u00e9liorer leur insertion scolaire et leur quotidien par <strong>l\u2019acheminement de mat\u00e9riels de sant\u00e9.<\/strong><\/p>\n\n\n\n<p>Elle s\u2019engage \u00e0 mettre en place des <strong>correspondances scolaires <\/strong>ainsi que <strong>des \u00e9changes sportifs entre clubs.<\/strong><\/p>\n\n\n\n<p>Elle aide \u00e9galement <strong>des orphelinats afin d\u2019am\u00e9liorer les conditions de vie des orphelins. <\/strong>Elle propose \u00e9galement des <strong>s\u00e9jours solidaires<\/strong> \u00e0 des \u00e9tudiants Fran\u00e7ais dans des associations locales S\u00e9n\u00e9galais afin de leur faire d\u00e9couvrir une nouvelle culture et participer \u00e0 une mission humanitaire en direction de publics d\u00e9favoris\u00e9s.<\/p>\n<\/div><figure class=\"wp-block-media-text__media\"><img loading=\"lazy\" decoding=\"async\" width=\"575\" height=\"434\" src=\"https:\/\/masesa-mandela-association.com\/wp-content\/uploads\/2025\/09\/Image1.jpg\" alt=\"\" class=\"wp-image-251 size-full\" srcset=\"https:\/\/masesa-mandela-association.com\/wp-content\/uploads\/2025\/09\/Image1.jpg 575w, https:\/\/masesa-mandela-association.com\/wp-content\/uploads\/2025\/09\/Image1-300x226.jpg 300w\" sizes=\"auto, (max-width: 575px) 100vw, 575px\" \/><\/figure><\/div>\n\n\n\n<div class=\"wp-block-media-text has-media-on-the-right is-stacked-on-mobile has-background\" style=\"background-color:#ff6a0073;grid-template-columns:auto 41%\"><div class=\"wp-block-media-text__content\">\n<p style=\"font-size:24px;text-decoration:underline\"><strong>MISSION CHANTIER :<\/strong> <\/p>\n\n\n\n<p>L\u2019association M.A.S.E.S.A se lance dans diff\u00e9rents <strong>projets de \u00ab chantier \u00bb <\/strong>par <strong>la construction d\u2019une Acad\u00e9mie<\/strong><strong> de sport<\/strong>, un institut sportif \u2013 \u00e9ducatif et par la <strong>cr\u00e9ation d\u2019une cantine scolaire ainsi que d\u2019une biblioth\u00e8que <\/strong>dans un \u00e9tablissement scolaire au S\u00e9n\u00e9gal.<\/p>\n\n\n\n<p>M.A.S.E.S.A se lance aussi des <strong>missions dans la construction de puits pour des populations qui n\u2019ont pas acc\u00e8s \u00e0 l\u2019eau.<\/strong> <strong>Cet acc\u00e8s \u00e0 l&rsquo;eau dynamisera des villages et am\u00e9liorera les conditions sanitaires et de vie des \u00e9coliers en r\u00e9duisant les cas de maladies<\/strong>.<\/p>\n<\/div><figure class=\"wp-block-media-text__media\"><img loading=\"lazy\" decoding=\"async\" width=\"1024\" height=\"866\" src=\"https:\/\/masesa-mandela-association.com\/wp-content\/uploads\/2025\/09\/Fondation-Yakaar-Ndiassane-1024x866.jpg\" alt=\"\" class=\"wp-image-78 size-full\" srcset=\"https:\/\/masesa-mandela-association.com\/wp-content\/uploads\/2025\/09\/Fondation-Yakaar-Ndiassane-1024x866.jpg 1024w, https:\/\/masesa-mandela-association.com\/wp-content\/uploads\/2025\/09\/Fondation-Yakaar-Ndiassane-300x254.jpg 300w, https:\/\/masesa-mandela-association.com\/wp-content\/uploads\/2025\/09\/Fondation-Yakaar-Ndiassane-768x649.jpg 768w, https:\/\/masesa-mandela-association.com\/wp-content\/uploads\/2025\/09\/Fondation-Yakaar-Ndiassane.jpg 1192w\" sizes=\"auto, (max-width: 1024px) 100vw, 1024px\" \/><\/figure><\/div>\n\n\n\n<p><\/p>\n","protected":false},"excerpt":{"rendered":"<p>L\u2019association M.A.S.E.S.A Mandela Association Sport Education Sant\u00e9 AFRICA a pour mission de promouvoir le sport et ses valeurs, de favoriser l\u2019acc\u00e8s \u00e0 l\u2019\u00e9ducation, de soutenir l\u2019insertion sociale et l\u2019\u00e9ducation par le sport, d\u2019aider des jeunes d\u00e9favoris\u00e9s, de d\u00e9velopper les actions<\/p>\n","protected":false},"author":1,"featured_media":0,"parent":0,"menu_order":0,"comment_status":"closed","ping_status":"closed","template":"","meta":{"footnotes":""},"class_list":["post-348","page","type-page","status-publish","hentry"],"_links":{"self":[{"href":"https:\/\/masesa-mandela-association.com\/www\/wp-json\/wp\/v2\/pages\/348","targetHints":{"allow":["GET"]}}],"collection":[{"href":"https:\/\/masesa-mandela-association.com\/www\/wp-json\/wp\/v2\/pages"}],"about":[{"href":"https:\/\/masesa-mandela-association.com\/www\/wp-json\/wp\/v2\/types\/page"}],"author":[{"embeddable":true,"href":"https:\/\/masesa-mandela-association.com\/www\/wp-json\/wp\/v2\/users\/1"}],"replies":[{"embeddable":true,"href":"https:\/\/masesa-mandela-association.com\/www\/wp-json\/wp\/v2\/comments?post=348"}],"version-history":[{"count":3,"href":"https:\/\/masesa-mandela-association.com\/www\/wp-json\/wp\/v2\/pages\/348\/revisions"}],"predecessor-version":[{"id":351,"href":"https:\/\/masesa-mandela-association.com\/www\/wp-json\/wp\/v2\/pages\/348\/revisions\/351"}],"wp:attachment":[{"href":"https:\/\/masesa-mandela-association.com\/www\/wp-json\/wp\/v2\/media?parent=348"}],"curies":[{"name":"wp","href":"https:\/\/api.w.org\/{rel}","templated":true}]}}