{"id":430,"date":"2025-09-26T23:32:14","date_gmt":"2025-09-26T21:32:14","guid":{"rendered":"https:\/\/masesa-mandela-association.com\/www\/?page_id=430"},"modified":"2025-09-26T23:42:41","modified_gmt":"2025-09-26T21:42:41","slug":"presentation-2","status":"publish","type":"page","link":"https:\/\/masesa-mandela-association.com\/www\/presentation-2\/","title":{"rendered":"Pr\u00e9sentation"},"content":{"rendered":"\n<h2 class=\"wp-block-heading\" style=\"padding-right:0;padding-left:0\"><strong>LE MOT DE LA PR\u00c9SIDENTE<\/strong> :<\/h2>\n\n\n\n<div class=\"wp-block-columns is-layout-flex wp-container-core-columns-is-layout-28f84493 wp-block-columns-is-layout-flex\">\n<div class=\"wp-block-column is-layout-flow wp-block-column-is-layout-flow\" style=\"flex-basis:100%\">\n<p style=\"padding-right:0;padding-left:0\">\u00ab Pour apporter la pierre \u00e0 l&rsquo;\u00e9difice, M.A.S.E.S.A Mandela Association a souhait\u00e9 s\u2019investir dans le d\u00e9veloppement du sport, de l\u2019\u00e9ducation et de la sant\u00e9 en Afrique. Les besoins sont immenses, tout reste \u00e0 faire\u2026. Nous avons de nombreux projets en cours et \u00e0 construire ensemble. C\u2019est pour atteindre des objectifs communs que votre geste contribuera grandement \u00e0 mener \u00e0 bien nos diff\u00e9rentes actions. Avec votre soutien, vous permettez \u00e0 l\u2019association M.A.S.E.S.A de poursuivre sa mission.<img loading=\"lazy\" decoding=\"async\" width=\"470\" height=\"291\" class=\"wp-image-335\" style=\"width: 470px;\" src=\"https:\/\/masesa-mandela-association.com\/wp-content\/uploads\/2025\/09\/Image2.jpg\" alt=\"\" srcset=\"https:\/\/masesa-mandela-association.com\/wp-content\/uploads\/2025\/09\/Image2.jpg 540w, https:\/\/masesa-mandela-association.com\/wp-content\/uploads\/2025\/09\/Image2-300x186.jpg 300w\" sizes=\"auto, (max-width: 470px) 100vw, 470px\" \/><\/p>\n<\/div>\n<\/div>\n\n\n\n<p style=\"padding-right:0;padding-left:0\">\u00ab L\u2019\u00e9ducation par le sport est l\u2019arme la plus puissante pour changer le monde \u00bb<\/p>\n\n\n\n<p style=\"padding-right:0;padding-left:0\">Relevons ensemble ce d\u00e9fi !<\/p>\n\n\n\n<p style=\"padding-right:0;padding-left:0\"><strong>Marion BRETHES<\/strong><\/p>\n\n\n\n<p style=\"padding-right:0;padding-left:0\"><strong>Pr\u00e9sidente M.A.S.E.S.A Mandela Association<\/strong><\/p>\n\n\n\n<p><\/p>\n\n\n\n<figure class=\"wp-block-video\"><video height=\"1080\" style=\"aspect-ratio: 1920 \/ 1080;\" width=\"1920\" controls src=\"https:\/\/masesa-mandela-association.com\/wp-content\/uploads\/2025\/09\/M.A.S.E.S.A-.mp4\"><\/video><\/figure>\n","protected":false},"excerpt":{"rendered":"<p>LE MOT DE LA PR\u00c9SIDENTE : \u00ab Pour apporter la pierre \u00e0 l&rsquo;\u00e9difice, M.A.S.E.S.A Mandela Association a souhait\u00e9 s\u2019investir dans le d\u00e9veloppement du sport, de l\u2019\u00e9ducation et de la sant\u00e9 en Afrique. Les besoins sont immenses, tout reste \u00e0 faire\u2026.<\/p>\n","protected":false},"author":1,"featured_media":0,"parent":0,"menu_order":0,"comment_status":"closed","ping_status":"closed","template":"","meta":{"footnotes":""},"class_list":["post-430","page","type-page","status-publish","hentry"],"_links":{"self":[{"href":"https:\/\/masesa-mandela-association.com\/www\/wp-json\/wp\/v2\/pages\/430","targetHints":{"allow":["GET"]}}],"collection":[{"href":"https:\/\/masesa-mandela-association.com\/www\/wp-json\/wp\/v2\/pages"}],"about":[{"href":"https:\/\/masesa-mandela-association.com\/www\/wp-json\/wp\/v2\/types\/page"}],"author":[{"embeddable":true,"href":"https:\/\/masesa-mandela-association.com\/www\/wp-json\/wp\/v2\/users\/1"}],"replies":[{"embeddable":true,"href":"https:\/\/masesa-mandela-association.com\/www\/wp-json\/wp\/v2\/comments?post=430"}],"version-history":[{"count":7,"href":"https:\/\/masesa-mandela-association.com\/www\/wp-json\/wp\/v2\/pages\/430\/revisions"}],"predecessor-version":[{"id":443,"href":"https:\/\/masesa-mandela-association.com\/www\/wp-json\/wp\/v2\/pages\/430\/revisions\/443"}],"wp:attachment":[{"href":"https:\/\/masesa-mandela-association.com\/www\/wp-json\/wp\/v2\/media?parent=430"}],"curies":[{"name":"wp","href":"https:\/\/api.w.org\/{rel}","templated":true}]}}